{"id":3553,"date":"2021-07-01T19:05:54","date_gmt":"2021-07-01T17:05:54","guid":{"rendered":"https:\/\/center-for-entrepreneurship.reutlingen-university.de\/events\/"},"modified":"2021-08-05T03:05:46","modified_gmt":"2021-08-05T01:05:46","slug":"events","status":"publish","type":"page","link":"https:\/\/center-for-entrepreneurship.reutlingen-university.de\/en\/events\/","title":{"rendered":"Events"},"content":{"rendered":"<p><div class=\"fusion-fullwidth fullwidth-box fusion-builder-row-1 nonhundred-percent-fullwidth non-hundred-percent-height-scrolling\" style=\"--awb-border-radius-top-left:0px;--awb-border-radius-top-right:0px;--awb-border-radius-bottom-right:0px;--awb-border-radius-bottom-left:0px;--awb-padding-top:5%;--awb-padding-bottom:5%;--awb-flex-wrap:wrap;\" ><div class=\"fusion-builder-row fusion-row\"><div class=\"fusion-layout-column fusion_builder_column fusion-builder-column-0 fusion_builder_column_3_4 3_4 fusion-three-fourth fusion-column-first\" style=\"--awb-bg-size:cover;width:75%;width:calc(75% - ( ( 4% ) * 0.75 ) );margin-right: 4%;\"><div class=\"fusion-column-wrapper fusion-column-has-shadow fusion-flex-column-wrapper-legacy\"><div class=\"fusion-title title fusion-title-1 fusion-title-text fusion-title-size-one\"><h1 class=\"fusion-title-heading title-heading-left fusion-responsive-typography-calculated\" style=\"margin:0;--fontSize:55;line-height:1;\">Join the party!<\/h1><span class=\"awb-title-spacer\"><\/span><div class=\"title-sep-container\"><div class=\"title-sep sep- sep-solid\" style=\"border-color:#e0dede;\"><\/div><\/div><\/div><div class=\"fusion-sep-clear\"><\/div><div class=\"fusion-separator fusion-full-width-sep\" style=\"margin-left: auto;margin-right: auto;margin-top:5%;width:100%;\"><\/div><div class=\"fusion-sep-clear\"><\/div><div class=\"fusion-text fusion-text-1\"><p style=\"text-align: left\">The Center for Entrepreneurship at Reutlingen University offers a wide array of exciting and fascinating events covering everything you need to know about business startups and entrepreneurship.<\/p>\n<p style=\"text-align: left\">Have you got questions about legal aspects or how to finance your startup plan? This is where you can find the answers to all of your questions about business startup plans. You can exchange ideas with young entrepreneurs and experienced mentors, gain experience and knowledge about various topics \u2013 such as creating a startup business plan, legal aspects and marketing \u2013 and you can also take part in training sessions in pitching. We also offer access to \u201cAccelerators\u201d programmes which give your startup fresh impetus, as well as offering cool competitions where you can measure yourself up against other innovative entrepreneurs.<\/p>\n<\/div><div class=\"accordian fusion-accordian\" style=\"--awb-border-size:0px;--awb-icon-size:13px;--awb-content-font-size:18px;--awb-icon-alignment:left;--awb-hover-color:#ffffff;--awb-border-color:#2a2e38;--awb-background-color:#ffffff;--awb-divider-color:#e0dede;--awb-divider-hover-color:#e0dede;--awb-icon-color:#f68b1f;--awb-title-color:#b0cb02;--awb-content-color:#000000;--awb-icon-box-color:#333333;--awb-toggle-hover-accent-color:#8bc34a;--awb-title-font-family:&quot;Changa&quot;;--awb-title-font-weight:500;--awb-title-font-style:normal;--awb-title-font-size:24px;--awb-content-font-family:&quot;Roboto&quot;;--awb-content-font-style:normal;--awb-content-font-weight:regular;\"><div class=\"panel-group fusion-toggle-icon-unboxed\" id=\"accordion-3553-1\"><div class=\"fusion-panel panel-default panel-5a3aeecd4b462cf19 fusion-toggle-no-divider fusion-toggle-boxed-mode\"><div class=\"panel-heading\"><h4 class=\"panel-title toggle\" id=\"toggle_5a3aeecd4b462cf19\"><a aria-expanded=\"false\" aria-controls=\"5a3aeecd4b462cf19\" role=\"button\" data-toggle=\"collapse\" data-parent=\"#accordion-3553-1\" data-target=\"#5a3aeecd4b462cf19\" href=\"#5a3aeecd4b462cf19\"><span class=\"fusion-toggle-icon-wrapper\" aria-hidden=\"true\"><i class=\"fa-fusion-box active-icon awb-icon-minus\" aria-hidden=\"true\"><\/i><i class=\"fa-fusion-box inactive-icon awb-icon-plus\" aria-hidden=\"true\"><\/i><\/span><span class=\"fusion-toggle-heading\">Find out more<\/span><\/a><\/h4><\/div><div id=\"5a3aeecd4b462cf19\" class=\"panel-collapse collapse \" aria-labelledby=\"toggle_5a3aeecd4b462cf19\"><div class=\"panel-body toggle-content fusion-clearfix\">\n<p>To keep up to date, it\u2019s best to keep checking the <a href=\"https:\/\/relax.reutlingen-university.de\/local\/course_search\/index.php\" target=\"_blank\" rel=\"noopener noreferrer\">RELAX learning platform<\/a>. Click \u201cGr\u00fcndung\u201d (\u201cFounding a company\u201d) to see the latest schedules and to sign up to courses. If you\u2019re looking for a challenge, there is a wide range of competitions where you can present your innovative startup plan and win amazing prizes which will move your idea forwards. See where you stand in a pitch and explain why your idea is so brilliant in just a few seconds. You can make your way from small competitions at <a href=\"https:\/\/www.reutlingen-university.de\/home\/\" target=\"_blank\" rel=\"noopener noreferrer\">Reutlingen University<\/a>auditorium to bigger events in the Neckar-Alb region and maybe even compete on stage for the <a href=\"https:\/\/www.deutscher-gruenderpreis.de\/\" target=\"_blank\" rel=\"noopener noreferrer\">Deutscher Gr\u00fcnderpreis<\/a> (\u201cGerman Entrepreneur Award\u201d)! If you\u2019re interested, we would be pleased to support you and, through our seminars and workshops, give you all the information you\u2019ll need to shine in front of investors.<\/p>\n<\/div><\/div><\/div><\/div><\/div><div class=\"fusion-clearfix\"><\/div><\/div><\/div><div class=\"fusion-layout-column fusion_builder_column fusion-builder-column-1 fusion_builder_column_1_4 1_4 fusion-one-fourth fusion-column-last\" style=\"--awb-bg-size:cover;width:25%;width:calc(25% - ( ( 4% ) * 0.25 ) );\"><div class=\"fusion-column-wrapper fusion-column-has-shadow fusion-flex-column-wrapper-legacy\"><div class=\"fusion-image-element in-legacy-container\" style=\"--awb-max-width:230px;--awb-caption-title-font-family:var(--h2_typography-font-family);--awb-caption-title-font-weight:var(--h2_typography-font-weight);--awb-caption-title-font-style:var(--h2_typography-font-style);--awb-caption-title-size:var(--h2_typography-font-size);--awb-caption-title-transform:var(--h2_typography-text-transform);--awb-caption-title-line-height:var(--h2_typography-line-height);--awb-caption-title-letter-spacing:var(--h2_typography-letter-spacing);\"><span class=\" fusion-imageframe imageframe-none imageframe-1 hover-type-zoomin\"><img decoding=\"async\" width=\"400\" height=\"341\" alt=\"Events\" src=\"https:\/\/center-for-entrepreneurship.reutlingen-university.de\/wp-content\/uploads\/2020\/04\/Events-Icons-Kopie.jpg\" class=\"img-responsive wp-image-3556\" srcset=\"https:\/\/center-for-entrepreneurship.reutlingen-university.de\/wp-content\/uploads\/2020\/04\/Events-Icons-Kopie-200x171.jpg 200w, https:\/\/center-for-entrepreneurship.reutlingen-university.de\/wp-content\/uploads\/2020\/04\/Events-Icons-Kopie.jpg 400w\" sizes=\"(max-width: 800px) 100vw, 400px\" \/><\/span><\/div><div class=\"fusion-clearfix\"><\/div><\/div><\/div><\/div><\/div><div class=\"fusion-fullwidth fullwidth-box fusion-builder-row-2 nonhundred-percent-fullwidth non-hundred-percent-height-scrolling\" style=\"--awb-border-radius-top-left:0px;--awb-border-radius-top-right:0px;--awb-border-radius-bottom-right:0px;--awb-border-radius-bottom-left:0px;--awb-flex-wrap:wrap;\" ><div class=\"fusion-builder-row fusion-row\"><div class=\"fusion-layout-column fusion_builder_column fusion-builder-column-2 fusion_builder_column_1_1 1_1 fusion-one-full fusion-column-first fusion-column-last\" style=\"--awb-bg-size:cover;\"><div class=\"fusion-column-wrapper fusion-column-has-shadow fusion-flex-column-wrapper-legacy\"><div class=\"fusion-events-shortcode fusion-events-shortcode-1 fusion-events-pagination-load-more-button\" style=\"margin-left: -20px;margin-right: -20px;\"><div class=\"fusion-events-wrapper\" data-pages=\"1\"><div class=\"fusion-events-post fusion-spacing-no fusion-one-third fusion-layout-column\" style=\"padding:20px\"><div class=\"fusion-column-wrapper\"><div class=\"fusion-events-thumbnail hover-type-none\"><a href=\"https:\/\/center-for-entrepreneurship.reutlingen-university.de\/en\/event\/career-day-reutlingen-university\/\" class=\"url\" rel=\"bookmark\" aria-label=\"Career Day Reutlingen University\"><span class=\"tribe-events-event-image\" style=\"background-image: url(https:\/\/center-for-entrepreneurship.reutlingen-university.de\/wp-content\/uploads\/2026\/01\/Design-ohne-Titel.png); -webkit-background-size: cover; background-size: cover; background-position: center center;\"><\/span><\/a><\/div><div class=\"fusion-events-content-wrapper\" style=\"padding:20px 20px 20px 20px;\"><div class=\"fusion-events-meta\"><h2><a href=\"https:\/\/center-for-entrepreneurship.reutlingen-university.de\/en\/event\/career-day-reutlingen-university\/\" class=\"url\" rel=\"bookmark\">Career Day Reutlingen University<\/a><\/h2><h4><span class=\"tribe-event-date-start\">April 15 @ 10:00<\/span> - <span class=\"tribe-event-time\">15:00<\/span><\/h4><\/div><\/div><\/div><\/div><div class=\"fusion-events-post fusion-spacing-no fusion-one-third fusion-layout-column\" style=\"padding:20px\"><div class=\"fusion-column-wrapper\"><div class=\"fusion-events-thumbnail hover-type-none\"><a href=\"https:\/\/center-for-entrepreneurship.reutlingen-university.de\/en\/event\/7th-corporate-innovation-challenge\/\" class=\"url\" rel=\"bookmark\" aria-label=\"7th Corporate Innovation Challenge\"><span class=\"tribe-events-event-image\" style=\"background-image: url(https:\/\/center-for-entrepreneurship.reutlingen-university.de\/wp-content\/uploads\/2024\/07\/CIC.png); -webkit-background-size: cover; background-size: cover; background-position: center center;\"><\/span><\/a><\/div><div class=\"fusion-events-content-wrapper\" style=\"padding:20px 20px 20px 20px;\"><div class=\"fusion-events-meta\"><h2><a href=\"https:\/\/center-for-entrepreneurship.reutlingen-university.de\/en\/event\/7th-corporate-innovation-challenge\/\" class=\"url\" rel=\"bookmark\">7th Corporate Innovation Challenge<\/a><\/h2><h4><span class=\"tribe-event-date-start\">April 24 @ 17:00<\/span> - <span class=\"tribe-event-date-end\">April 25 @ 17:00<\/span><\/h4><\/div><\/div><\/div><\/div><div class=\"fusion-events-post fusion-spacing-no fusion-one-third fusion-layout-column fusion-column-last\" style=\"padding:20px\"><div class=\"fusion-column-wrapper\"><div class=\"fusion-events-thumbnail hover-type-none\"><a href=\"https:\/\/center-for-entrepreneurship.reutlingen-university.de\/en\/event\/stoff-im-kopf-13-demoday\/\" class=\"url\" rel=\"bookmark\" aria-label=\"Stoff im Kopf #13 &#8211; DemoDay\"><span class=\"tribe-events-event-image\" style=\"background-image: url(https:\/\/center-for-entrepreneurship.reutlingen-university.de\/wp-content\/uploads\/2024\/01\/SiK.png); -webkit-background-size: cover; background-size: cover; background-position: center center;\"><\/span><\/a><\/div><div class=\"fusion-events-content-wrapper\" style=\"padding:20px 20px 20px 20px;\"><div class=\"fusion-events-meta\"><h2><a href=\"https:\/\/center-for-entrepreneurship.reutlingen-university.de\/en\/event\/stoff-im-kopf-13-demoday\/\" class=\"url\" rel=\"bookmark\">Stoff im Kopf #13 &#8211; DemoDay<\/a><\/h2><h4><span class=\"tribe-event-date-start\">July 2 @ 13:30<\/span><\/h4><\/div><\/div><\/div><\/div><\/div><\/div><div class=\"fusion-clearfix\"><\/div><\/div><\/div><\/div><\/div><div class=\"fusion-fullwidth fullwidth-box fusion-builder-row-3 nonhundred-percent-fullwidth non-hundred-percent-height-scrolling\" style=\"--awb-border-radius-top-left:0px;--awb-border-radius-top-right:0px;--awb-border-radius-bottom-right:0px;--awb-border-radius-bottom-left:0px;--awb-padding-bottom:0px;--awb-margin-top:4%;--awb-margin-bottom:0px;--awb-background-color:#ffffff;--awb-flex-wrap:wrap;\" ><div class=\"fusion-builder-row fusion-row\"><div class=\"fusion-layout-column fusion_builder_column fusion-builder-column-3 fusion_builder_column_1_1 1_1 fusion-one-full fusion-column-first fusion-column-last\" style=\"--awb-bg-size:cover;\"><div class=\"fusion-column-wrapper fusion-column-has-shadow fusion-flex-column-wrapper-legacy\"><div class=\"fusion-section-separator section-separator slant fusion-section-separator-1\" style=\"--awb-spacer-height:99px;--awb-svg-margin-left:0;--awb-svg-margin-right:0;--awb-divider-height:99px;--awb-spacer-padding-top:inherit;--awb-sep-padding:0;--awb-svg-padding:0;--awb-svg-tag-margin-bottom:-3px;--awb-sep-svg-display:block;\"><div class=\"fusion-section-separator-svg\"><svg class=\"fusion-slant-candy\" xmlns=\"http:\/\/www.w3.org\/2000\/svg\" version=\"1.1\" width=\"100%\" height=\"100\" viewBox=\"0 0 100 100\" preserveAspectRatio=\"none\" fill=\"rgba(176,203,2,1)\"><path d=\"M0 0 L0 100 L100 100 Z\"><\/path><\/svg><\/div><div class=\"fusion-section-separator-spacer\"><div class=\"fusion-section-separator-spacer-height\"><\/div><\/div><\/div><div class=\"fusion-clearfix\"><\/div><\/div><\/div><\/div><\/div>\n<div class=\"fusion-fullwidth fullwidth-box fusion-builder-row-4 nonhundred-percent-fullwidth non-hundred-percent-height-scrolling\" style=\"--awb-border-radius-top-left:0px;--awb-border-radius-top-right:0px;--awb-border-radius-bottom-right:0px;--awb-border-radius-bottom-left:0px;--awb-padding-top:5%;--awb-padding-right:0px;--awb-padding-bottom:5%;--awb-padding-left:0px;--awb-margin-top:0px;--awb-margin-bottom:0px;--awb-background-color:#b0cb02;--awb-flex-wrap:wrap;\" ><div class=\"fusion-builder-row fusion-row\"><div class=\"fusion-layout-column fusion_builder_column fusion-builder-column-4 fusion_builder_column_1_2 1_2 fusion-one-half fusion-column-first\" style=\"--awb-bg-size:cover;width:50%;width:calc(50% - ( ( 4% + 4% ) * 0.5 ) );margin-right: 4%;\"><div class=\"fusion-column-wrapper fusion-column-has-shadow fusion-flex-column-wrapper-legacy\"><div class=\"fusion-text fusion-text-2\"><h2>Du m\u00f6chtest\u00a0loslegen?<\/h2>\n<p>Kontaktiere unser Team vom Center for Entrepreneurship<\/p>\n<\/div><div class=\"fusion-clearfix\"><\/div><\/div><\/div><div class=\"fusion-layout-column fusion_builder_column fusion-builder-column-5 fusion_builder_column_1_4 1_4 fusion-one-fourth fusion-no-small-visibility\" style=\"--awb-padding-top:20px;--awb-padding-right:20px;--awb-padding-bottom:20px;--awb-padding-left:20px;--awb-bg-size:cover;--awb-filter:saturate(100%) contrast(100%);--awb-filter-transition:filter 0.3s ease;--awb-filter-hover:saturate(0%) contrast(200%);width:25%;width:calc(25% - ( ( 4% + 4% ) * 0.25 ) );margin-right: 4%;\"><div class=\"fusion-column-wrapper fusion-column-has-shadow fusion-flex-column-wrapper-legacy\"><div class=\"fusion-clearfix\"><\/div><\/div><\/div><div class=\"fusion-layout-column fusion_builder_column fusion-builder-column-6 fusion_builder_column_1_4 1_4 fusion-one-fourth fusion-column-last fusion-no-small-visibility\" style=\"--awb-padding-top:20px;--awb-padding-right:20px;--awb-padding-bottom:20px;--awb-padding-left:20px;--awb-bg-size:cover;--awb-filter:saturate(100%) contrast(100%);--awb-filter-transition:filter 0.3s ease;--awb-filter-hover:saturate(0%) contrast(200%);width:25%;width:calc(25% - ( ( 4% + 4% ) * 0.25 ) );\"><div class=\"fusion-column-wrapper fusion-column-has-shadow fusion-flex-column-wrapper-legacy\"><div class=\"fusion-button-wrapper\"><a class=\"fusion-button button-flat button-xlarge button-default fusion-button-default button-1 fusion-button-default-span fusion-button-default-type\" target=\"_self\" href=\"https:\/\/center-for-entrepreneurship.reutlingen-university.de\/ueber-uns\/\"><span class=\"fusion-button-text awb-button__text awb-button__text--default\">Zum Dreamteam<\/span><\/a><\/div><div class=\"fusion-clearfix\"><\/div><\/div><\/div><\/div><\/div>\n<\/p>\n","protected":false},"excerpt":{"rendered":"","protected":false},"author":1,"featured_media":0,"parent":0,"menu_order":0,"comment_status":"closed","ping_status":"closed","template":"100-width.php","meta":{"_price":"","_stock":"","_tribe_ticket_header":"","_tribe_default_ticket_provider":"","_tribe_ticket_capacity":"0","_ticket_start_date":"","_ticket_end_date":"","_tribe_ticket_show_description":"","_tribe_ticket_show_not_going":false,"_tribe_ticket_use_global_stock":"","_tribe_ticket_global_stock_level":"","_global_stock_mode":"","_global_stock_cap":"","_tribe_rsvp_for_event":"","_tribe_ticket_going_count":"","_tribe_ticket_not_going_count":"","_tribe_tickets_list":"[]","_tribe_ticket_has_attendee_info_fields":false,"footnotes":"","_tec_slr_enabled":"","_tec_slr_layout":""},"class_list":["post-3553","page","type-page","status-publish","hentry"],"yoast_head":"<!-- This site is optimized with the Yoast SEO Premium plugin v27.1 (Yoast SEO v27.3) - https:\/\/yoast.com\/product\/yoast-seo-premium-wordpress\/ -->\n<title>Events - Center for Entrepreneurship<\/title>\n<meta name=\"description\" content=\"The Center for Entrepreneurship is preparing events around the topics of founding a business, start-ups, start-up talk, idea competitions, and more.\" \/>\n<meta name=\"robots\" content=\"index, follow, max-snippet:-1, max-image-preview:large, max-video-preview:-1\" \/>\n<link rel=\"canonical\" href=\"https:\/\/center-for-entrepreneurship.reutlingen-university.de\/en\/events\/\" \/>\n<meta property=\"og:locale\" content=\"en_US\" \/>\n<meta property=\"og:type\" content=\"article\" \/>\n<meta property=\"og:title\" content=\"Events\" \/>\n<meta property=\"og:description\" content=\"The Center for Entrepreneurship is preparing events around the topics of founding a business, start-ups, start-up talk, idea competitions, and more.\" \/>\n<meta property=\"og:url\" content=\"https:\/\/center-for-entrepreneurship.reutlingen-university.de\/en\/events\/\" \/>\n<meta property=\"og:site_name\" content=\"Center for Entrepreneurship\" \/>\n<meta property=\"article:publisher\" content=\"https:\/\/www.facebook.com\/ReutlingenCE\/\" \/>\n<meta property=\"article:modified_time\" content=\"2021-08-05T01:05:46+00:00\" \/>\n<meta property=\"og:image\" content=\"https:\/\/center-for-entrepreneurship.reutlingen-university.de\/wp-content\/uploads\/2020\/04\/Open-Graph.jpg\" \/>\n\t<meta property=\"og:image:width\" content=\"800\" \/>\n\t<meta property=\"og:image:height\" content=\"500\" \/>\n\t<meta property=\"og:image:type\" content=\"image\/jpeg\" \/>\n<meta name=\"twitter:card\" content=\"summary_large_image\" \/>\n<meta name=\"twitter:site\" content=\"@ReutlingenCE\" \/>\n<meta name=\"twitter:label1\" content=\"Est. reading time\" \/>\n\t<meta name=\"twitter:data1\" content=\"7 minutes\" \/>\n<script type=\"application\/ld+json\" class=\"yoast-schema-graph\">{\"@context\":\"https:\\\/\\\/schema.org\",\"@graph\":[{\"@type\":\"WebPage\",\"@id\":\"https:\\\/\\\/center-for-entrepreneurship.reutlingen-university.de\\\/en\\\/events\\\/\",\"url\":\"https:\\\/\\\/center-for-entrepreneurship.reutlingen-university.de\\\/en\\\/events\\\/\",\"name\":\"Events - Center for Entrepreneurship\",\"isPartOf\":{\"@id\":\"https:\\\/\\\/center-for-entrepreneurship.reutlingen-university.de\\\/en\\\/#website\"},\"datePublished\":\"2021-07-01T17:05:54+00:00\",\"dateModified\":\"2021-08-05T01:05:46+00:00\",\"description\":\"The Center for Entrepreneurship is preparing events around the topics of founding a business, start-ups, start-up talk, idea competitions, and more.\",\"breadcrumb\":{\"@id\":\"https:\\\/\\\/center-for-entrepreneurship.reutlingen-university.de\\\/en\\\/events\\\/#breadcrumb\"},\"inLanguage\":\"en-US\",\"potentialAction\":[{\"@type\":\"ReadAction\",\"target\":[\"https:\\\/\\\/center-for-entrepreneurship.reutlingen-university.de\\\/en\\\/events\\\/\"]}]},{\"@type\":\"BreadcrumbList\",\"@id\":\"https:\\\/\\\/center-for-entrepreneurship.reutlingen-university.de\\\/en\\\/events\\\/#breadcrumb\",\"itemListElement\":[{\"@type\":\"ListItem\",\"position\":1,\"name\":\"Startseite\",\"item\":\"https:\\\/\\\/center-for-entrepreneurship.reutlingen-university.de\\\/en\\\/\"},{\"@type\":\"ListItem\",\"position\":2,\"name\":\"Events\"}]},{\"@type\":\"WebSite\",\"@id\":\"https:\\\/\\\/center-for-entrepreneurship.reutlingen-university.de\\\/en\\\/#website\",\"url\":\"https:\\\/\\\/center-for-entrepreneurship.reutlingen-university.de\\\/en\\\/\",\"name\":\"Center for Entrepreneurship\",\"description\":\"Das Gr\u00fcndungszentrum der Hochschule Reutlingen f\u00fcr Studierende und Gr\u00fcndungsinteressierte.\",\"potentialAction\":[{\"@type\":\"SearchAction\",\"target\":{\"@type\":\"EntryPoint\",\"urlTemplate\":\"https:\\\/\\\/center-for-entrepreneurship.reutlingen-university.de\\\/en\\\/?s={search_term_string}\"},\"query-input\":{\"@type\":\"PropertyValueSpecification\",\"valueRequired\":true,\"valueName\":\"search_term_string\"}}],\"inLanguage\":\"en-US\"}]}<\/script>\n<!-- \/ Yoast SEO Premium plugin. -->","yoast_head_json":{"title":"Events - Center for Entrepreneurship","description":"The Center for Entrepreneurship is preparing events around the topics of founding a business, start-ups, start-up talk, idea competitions, and more.","robots":{"index":"index","follow":"follow","max-snippet":"max-snippet:-1","max-image-preview":"max-image-preview:large","max-video-preview":"max-video-preview:-1"},"canonical":"https:\/\/center-for-entrepreneurship.reutlingen-university.de\/en\/events\/","og_locale":"en_US","og_type":"article","og_title":"Events","og_description":"The Center for Entrepreneurship is preparing events around the topics of founding a business, start-ups, start-up talk, idea competitions, and more.","og_url":"https:\/\/center-for-entrepreneurship.reutlingen-university.de\/en\/events\/","og_site_name":"Center for Entrepreneurship","article_publisher":"https:\/\/www.facebook.com\/ReutlingenCE\/","article_modified_time":"2021-08-05T01:05:46+00:00","og_image":[{"width":800,"height":500,"url":"https:\/\/center-for-entrepreneurship.reutlingen-university.de\/wp-content\/uploads\/2020\/04\/Open-Graph.jpg","type":"image\/jpeg"}],"twitter_card":"summary_large_image","twitter_site":"@ReutlingenCE","twitter_misc":{"Est. reading time":"7 minutes"},"schema":{"@context":"https:\/\/schema.org","@graph":[{"@type":"WebPage","@id":"https:\/\/center-for-entrepreneurship.reutlingen-university.de\/en\/events\/","url":"https:\/\/center-for-entrepreneurship.reutlingen-university.de\/en\/events\/","name":"Events - Center for Entrepreneurship","isPartOf":{"@id":"https:\/\/center-for-entrepreneurship.reutlingen-university.de\/en\/#website"},"datePublished":"2021-07-01T17:05:54+00:00","dateModified":"2021-08-05T01:05:46+00:00","description":"The Center for Entrepreneurship is preparing events around the topics of founding a business, start-ups, start-up talk, idea competitions, and more.","breadcrumb":{"@id":"https:\/\/center-for-entrepreneurship.reutlingen-university.de\/en\/events\/#breadcrumb"},"inLanguage":"en-US","potentialAction":[{"@type":"ReadAction","target":["https:\/\/center-for-entrepreneurship.reutlingen-university.de\/en\/events\/"]}]},{"@type":"BreadcrumbList","@id":"https:\/\/center-for-entrepreneurship.reutlingen-university.de\/en\/events\/#breadcrumb","itemListElement":[{"@type":"ListItem","position":1,"name":"Startseite","item":"https:\/\/center-for-entrepreneurship.reutlingen-university.de\/en\/"},{"@type":"ListItem","position":2,"name":"Events"}]},{"@type":"WebSite","@id":"https:\/\/center-for-entrepreneurship.reutlingen-university.de\/en\/#website","url":"https:\/\/center-for-entrepreneurship.reutlingen-university.de\/en\/","name":"Center for Entrepreneurship","description":"Das Gr\u00fcndungszentrum der Hochschule Reutlingen f\u00fcr Studierende und Gr\u00fcndungsinteressierte.","potentialAction":[{"@type":"SearchAction","target":{"@type":"EntryPoint","urlTemplate":"https:\/\/center-for-entrepreneurship.reutlingen-university.de\/en\/?s={search_term_string}"},"query-input":{"@type":"PropertyValueSpecification","valueRequired":true,"valueName":"search_term_string"}}],"inLanguage":"en-US"}]}},"ticketed":false,"_links":{"self":[{"href":"https:\/\/center-for-entrepreneurship.reutlingen-university.de\/en\/wp-json\/wp\/v2\/pages\/3553","targetHints":{"allow":["GET"]}}],"collection":[{"href":"https:\/\/center-for-entrepreneurship.reutlingen-university.de\/en\/wp-json\/wp\/v2\/pages"}],"about":[{"href":"https:\/\/center-for-entrepreneurship.reutlingen-university.de\/en\/wp-json\/wp\/v2\/types\/page"}],"author":[{"embeddable":true,"href":"https:\/\/center-for-entrepreneurship.reutlingen-university.de\/en\/wp-json\/wp\/v2\/users\/1"}],"replies":[{"embeddable":true,"href":"https:\/\/center-for-entrepreneurship.reutlingen-university.de\/en\/wp-json\/wp\/v2\/comments?post=3553"}],"version-history":[{"count":15,"href":"https:\/\/center-for-entrepreneurship.reutlingen-university.de\/en\/wp-json\/wp\/v2\/pages\/3553\/revisions"}],"predecessor-version":[{"id":3841,"href":"https:\/\/center-for-entrepreneurship.reutlingen-university.de\/en\/wp-json\/wp\/v2\/pages\/3553\/revisions\/3841"}],"wp:attachment":[{"href":"https:\/\/center-for-entrepreneurship.reutlingen-university.de\/en\/wp-json\/wp\/v2\/media?parent=3553"}],"curies":[{"name":"wp","href":"https:\/\/api.w.org\/{rel}","templated":true}]}}