{"id":3359,"date":"2021-06-01T17:17:46","date_gmt":"2021-06-01T15:17:46","guid":{"rendered":"https:\/\/center-for-entrepreneurship.reutlingen-university.de\/links-landingpage\/"},"modified":"2021-06-01T17:17:47","modified_gmt":"2021-06-01T15:17:47","slug":"links-landingpage","status":"publish","type":"page","link":"https:\/\/center-for-entrepreneurship.reutlingen-university.de\/en\/links-landingpage\/","title":{"rendered":"Links &#8211; Landingpage"},"content":{"rendered":"<div class=\"fusion-fullwidth fullwidth-box fusion-builder-row-1 nonhundred-percent-fullwidth non-hundred-percent-height-scrolling\" style=\"--awb-border-radius-top-left:0px;--awb-border-radius-top-right:0px;--awb-border-radius-bottom-right:0px;--awb-border-radius-bottom-left:0px;--awb-flex-wrap:wrap;\" ><div class=\"fusion-builder-row fusion-row\"><div class=\"fusion-layout-column fusion_builder_column fusion-builder-column-0 fusion_builder_column_1_1 1_1 fusion-one-full fusion-column-first fusion-column-last\" style=\"--awb-bg-size:cover;\"><div class=\"fusion-column-wrapper fusion-column-has-shadow fusion-flex-column-wrapper-legacy\"><div class=\"fusion-image-element fusion-image-align-center in-legacy-container\" style=\"text-align:center;--awb-max-width:100px;--awb-caption-title-font-family:var(--h2_typography-font-family);--awb-caption-title-font-weight:var(--h2_typography-font-weight);--awb-caption-title-font-style:var(--h2_typography-font-style);--awb-caption-title-size:var(--h2_typography-font-size);--awb-caption-title-transform:var(--h2_typography-text-transform);--awb-caption-title-line-height:var(--h2_typography-line-height);--awb-caption-title-letter-spacing:var(--h2_typography-letter-spacing);\"><div class=\"imageframe-align-center\"><span class=\" fusion-imageframe imageframe-none imageframe-1 hover-type-none\"><img decoding=\"async\" width=\"144\" height=\"144\" title=\"Favicon-144px\" src=\"https:\/\/center-for-entrepreneurship.reutlingen-university.de\/wp-content\/uploads\/2020\/07\/Favicon-144px.png\" alt class=\"img-responsive wp-image-2675\" srcset=\"https:\/\/center-for-entrepreneurship.reutlingen-university.de\/wp-content\/uploads\/2020\/07\/Favicon-144px-66x66.png 66w, https:\/\/center-for-entrepreneurship.reutlingen-university.de\/wp-content\/uploads\/2020\/07\/Favicon-144px.png 144w\" sizes=\"(max-width: 144px) 100vw, 144px\" \/><\/span><\/div><\/div><div class=\"fusion-sep-clear\"><\/div><div class=\"fusion-separator fusion-full-width-sep\" style=\"margin-left: auto;margin-right: auto;margin-top:16px;width:100%;\"><\/div><div class=\"fusion-sep-clear\"><\/div><div class=\"fusion-sep-clear\"><\/div><div class=\"fusion-separator fusion-full-width-sep\" style=\"margin-left: auto;margin-right: auto;width:100%;\"><\/div><div class=\"fusion-sep-clear\"><\/div><div class=\"fusion-text fusion-text-1\"><p style=\"text-align: center\">@center.for.entrepreneurship<\/p>\n<\/div><div class=\"fusion-sep-clear\"><\/div><div class=\"fusion-separator fusion-full-width-sep\" style=\"margin-left: auto;margin-right: auto;margin-top:32px;width:100%;\"><\/div><div class=\"fusion-sep-clear\"><\/div><div class=\"fusion-sep-clear\"><\/div><div class=\"fusion-separator fusion-full-width-sep\" style=\"margin-left: auto;margin-right: auto;margin-top:32px;width:100%;\"><\/div><div class=\"fusion-sep-clear\"><\/div><div class=\"fusion-aligncenter\"><a class=\"fusion-button button-flat fusion-button-default-size button-blue fusion-button-blue button-1 fusion-button-default-span fusion-button-default-type\" target=\"_blank\" rel=\"noopener noreferrer\" href=\"https:\/\/www.gruendungsradar.de\/gesamtranking\/mittlere-hochschulen-2020\"><span class=\"fusion-button-text awb-button__text awb-button__text--default\">Entrepreneurship radar &#8211; Overview of universities and ranking<\/span><\/a><\/div><div class=\"fusion-sep-clear\"><\/div><div class=\"fusion-separator fusion-full-width-sep\" style=\"margin-left: auto;margin-right: auto;margin-top:32px;width:100%;\"><\/div><div class=\"fusion-sep-clear\"><\/div><div class=\"fusion-align-block\"><a class=\"fusion-button button-flat fusion-button-default-size button-default fusion-button-default button-2 fusion-button-span-yes fusion-button-default-type\" style=\"--button_text_transform:none;\" target=\"_blank\" rel=\"noopener noreferrer\" href=\"http:\/\/bit.ly\/3t77nsb\"><span class=\"fusion-button-text awb-button__text awb-button__text--default\">cfe website<\/span><\/a><\/div><div class=\"fusion-sep-clear\"><\/div><div class=\"fusion-separator fusion-full-width-sep\" style=\"margin-left: auto;margin-right: auto;margin-top:8px;width:100%;\"><\/div><div class=\"fusion-sep-clear\"><\/div><div class=\"fusion-align-block\"><a class=\"fusion-button button-flat fusion-button-default-size button-default fusion-button-default button-3 fusion-button-span-yes fusion-button-default-type\" style=\"--button_text_transform:none;\" target=\"_blank\" rel=\"noopener noreferrer\" href=\"http:\/\/bit.ly\/3agmgzM\"><span class=\"fusion-button-text awb-button__text awb-button__text--default\">Entrepreneurship<\/span><\/a><\/div><div class=\"fusion-sep-clear\"><\/div><div class=\"fusion-separator fusion-full-width-sep\" style=\"margin-left: auto;margin-right: auto;margin-top:8px;width:100%;\"><\/div><div class=\"fusion-sep-clear\"><\/div><div class=\"fusion-align-block\"><a class=\"fusion-button button-flat fusion-button-default-size button-default fusion-button-default button-4 fusion-button-span-yes fusion-button-default-type\" style=\"--button-border-radius-top-left:0;--button-border-radius-top-right:0;--button-border-radius-bottom-right:0;--button-border-radius-bottom-left:0;--button_text_transform:none;\" target=\"_blank\" rel=\"noopener noreferrer\" href=\"http:\/\/bit.ly\/2MvBo4a\"><span class=\"fusion-button-text awb-button__text awb-button__text--default\">Learning<\/span><\/a><\/div><div class=\"fusion-sep-clear\"><\/div><div class=\"fusion-separator fusion-full-width-sep\" style=\"margin-left: auto;margin-right: auto;margin-top:8px;width:100%;\"><\/div><div class=\"fusion-sep-clear\"><\/div><div class=\"fusion-align-block\"><a class=\"fusion-button button-flat fusion-button-default-size button-default fusion-button-default button-5 fusion-button-span-yes fusion-button-default-type\" style=\"--button_text_transform:none;\" target=\"_blank\" rel=\"noopener noreferrer\" href=\"http:\/\/bit.ly\/3pAIaEA\"><span class=\"fusion-button-text awb-button__text awb-button__text--default\">Events<\/span><\/a><\/div><div class=\"fusion-sep-clear\"><\/div><div class=\"fusion-separator fusion-full-width-sep\" style=\"margin-left: auto;margin-right: auto;margin-top:8px;width:100%;\"><\/div><div class=\"fusion-sep-clear\"><\/div><div class=\"fusion-align-block\"><a class=\"fusion-button button-flat fusion-button-default-size button-default fusion-button-default button-6 fusion-button-span-yes fusion-button-default-type\" style=\"--button_text_transform:none;\" target=\"_blank\" rel=\"noopener noreferrer\" href=\"http:\/\/bit.ly\/2MhkxCr\"><span class=\"fusion-button-text awb-button__text awb-button__text--default\">Facebook<\/span><\/a><\/div><div class=\"fusion-sep-clear\"><\/div><div class=\"fusion-separator fusion-full-width-sep\" style=\"margin-left: auto;margin-right: auto;margin-top:8px;width:100%;\"><\/div><div class=\"fusion-sep-clear\"><\/div><div class=\"fusion-align-block\"><a class=\"fusion-button button-flat fusion-button-default-size button-default fusion-button-default button-7 fusion-button-span-yes fusion-button-default-type\" style=\"--button_text_transform:none;\" target=\"_blank\" rel=\"noopener noreferrer\" href=\"http:\/\/bit.ly\/3j1H16f\"><span class=\"fusion-button-text awb-button__text awb-button__text--default\">LinkedIn<\/span><\/a><\/div><div class=\"fusion-sep-clear\"><\/div><div class=\"fusion-separator fusion-full-width-sep\" style=\"margin-left: auto;margin-right: auto;margin-top:64px;width:100%;\"><\/div><div class=\"fusion-sep-clear\"><\/div><div class=\"fusion-align-block\"><a class=\"fusion-button button-flat fusion-button-default-size button-blue fusion-button-blue button-8 fusion-button-span-yes fusion-button-default-type\" style=\"--button_text_transform:none;\" target=\"_blank\" rel=\"noopener noreferrer\" href=\"http:\/\/bit.ly\/MYI-7-Pitch\"><span class=\"fusion-button-text awb-button__text awb-button__text--default\">Move Your Idea | Sign up Pitch<\/span><\/a><\/div><div class=\"fusion-sep-clear\"><\/div><div class=\"fusion-separator fusion-full-width-sep\" style=\"margin-left: auto;margin-right: auto;margin-top:64px;width:100%;\"><\/div><div class=\"fusion-sep-clear\"><\/div><div class=\"fusion-align-block\"><a class=\"fusion-button button-flat fusion-button-default-size button-blue fusion-button-blue button-9 fusion-button-span-yes fusion-button-default-type\" style=\"--button_text_transform:none;\" target=\"_blank\" rel=\"noopener noreferrer\" href=\"https:\/\/bit.ly\/MYI-7\"><span class=\"fusion-button-text awb-button__text awb-button__text--default\">Move Your Idea | Sign up Guest<\/span><\/a><\/div><div class=\"fusion-sep-clear\"><\/div><div class=\"fusion-separator fusion-full-width-sep\" style=\"margin-left: auto;margin-right: auto;margin-top:64px;width:100%;\"><\/div><div class=\"fusion-sep-clear\"><\/div><div class=\"fusion-align-block\"><a class=\"fusion-button button-flat fusion-button-default-size button-pink fusion-button-pink button-10 fusion-button-span-yes fusion-button-default-type\" style=\"--button_text_transform:none;\" target=\"_blank\" rel=\"noopener noreferrer\" href=\"https:\/\/bit.ly\/DemoDay_3\"><span class=\"fusion-button-text awb-button__text awb-button__text--default\">DemoDay | Stoff im Kopf #3 | Sign up | 24.06.2021<\/span><\/a><\/div><div class=\"fusion-sep-clear\"><\/div><div class=\"fusion-separator fusion-full-width-sep\" style=\"margin-left: auto;margin-right: auto;margin-top:64px;width:100%;\"><\/div><div class=\"fusion-sep-clear\"><\/div><div class=\"fusion-clearfix\"><\/div><\/div><\/div><\/div><\/div>\n","protected":false},"excerpt":{"rendered":"","protected":false},"author":12,"featured_media":0,"parent":0,"menu_order":0,"comment_status":"closed","ping_status":"closed","template":"","meta":{"_price":"","_stock":"","_tribe_ticket_header":"","_tribe_default_ticket_provider":"","_tribe_ticket_capacity":"0","_ticket_start_date":"","_ticket_end_date":"","_tribe_ticket_show_description":"","_tribe_ticket_show_not_going":false,"_tribe_ticket_use_global_stock":"","_tribe_ticket_global_stock_level":"","_global_stock_mode":"","_global_stock_cap":"","_tribe_rsvp_for_event":"","_tribe_ticket_going_count":"","_tribe_ticket_not_going_count":"","_tribe_tickets_list":"[]","_tribe_ticket_has_attendee_info_fields":false,"footnotes":"","_tec_slr_enabled":"","_tec_slr_layout":""},"class_list":["post-3359","page","type-page","status-publish","hentry"],"yoast_head":"<!-- This site is optimized with the Yoast SEO Premium plugin v27.3 (Yoast SEO v27.4) - https:\/\/yoast.com\/product\/yoast-seo-premium-wordpress\/ -->\n<title>Links - Landingpage - Center for Entrepreneurship<\/title>\n<meta name=\"description\" content=\"This is our Instagram Bio Link. Here you can find all important links of the Center for Entrepreneurship Reutlingen.\" \/>\n<meta name=\"robots\" content=\"index, follow, max-snippet:-1, max-image-preview:large, max-video-preview:-1\" \/>\n<link rel=\"canonical\" href=\"https:\/\/center-for-entrepreneurship.reutlingen-university.de\/en\/links-landingpage\/\" \/>\n<meta property=\"og:locale\" content=\"en_US\" \/>\n<meta property=\"og:type\" content=\"article\" \/>\n<meta property=\"og:title\" content=\"Links - Landingpage\" \/>\n<meta property=\"og:description\" content=\"This is our Instagram Bio Link. Here you can find all important links of the Center for Entrepreneurship Reutlingen.\" \/>\n<meta property=\"og:url\" content=\"https:\/\/center-for-entrepreneurship.reutlingen-university.de\/en\/links-landingpage\/\" \/>\n<meta property=\"og:site_name\" content=\"Center for Entrepreneurship\" \/>\n<meta property=\"article:publisher\" content=\"https:\/\/www.facebook.com\/ReutlingenCE\/\" \/>\n<meta property=\"article:modified_time\" content=\"2021-06-01T15:17:47+00:00\" \/>\n<meta property=\"og:image\" content=\"https:\/\/center-for-entrepreneurship.reutlingen-university.de\/wp-content\/uploads\/2020\/04\/Open-Graph.jpg\" \/>\n\t<meta property=\"og:image:width\" content=\"800\" \/>\n\t<meta property=\"og:image:height\" content=\"500\" \/>\n\t<meta property=\"og:image:type\" content=\"image\/jpeg\" \/>\n<meta name=\"twitter:card\" content=\"summary_large_image\" \/>\n<meta name=\"twitter:site\" content=\"@ReutlingenCE\" \/>\n<meta name=\"twitter:label1\" content=\"Est. reading time\" \/>\n\t<meta name=\"twitter:data1\" content=\"9 minutes\" \/>\n<script type=\"application\/ld+json\" class=\"yoast-schema-graph\">{\"@context\":\"https:\\\/\\\/schema.org\",\"@graph\":[{\"@type\":\"WebPage\",\"@id\":\"https:\\\/\\\/center-for-entrepreneurship.reutlingen-university.de\\\/en\\\/links-landingpage\\\/\",\"url\":\"https:\\\/\\\/center-for-entrepreneurship.reutlingen-university.de\\\/en\\\/links-landingpage\\\/\",\"name\":\"Links - Landingpage - Center for Entrepreneurship\",\"isPartOf\":{\"@id\":\"https:\\\/\\\/center-for-entrepreneurship.reutlingen-university.de\\\/en\\\/#website\"},\"datePublished\":\"2021-06-01T15:17:46+00:00\",\"dateModified\":\"2021-06-01T15:17:47+00:00\",\"description\":\"This is our Instagram Bio Link. Here you can find all important links of the Center for Entrepreneurship Reutlingen.\",\"breadcrumb\":{\"@id\":\"https:\\\/\\\/center-for-entrepreneurship.reutlingen-university.de\\\/en\\\/links-landingpage\\\/#breadcrumb\"},\"inLanguage\":\"en-US\",\"potentialAction\":[{\"@type\":\"ReadAction\",\"target\":[\"https:\\\/\\\/center-for-entrepreneurship.reutlingen-university.de\\\/en\\\/links-landingpage\\\/\"]}]},{\"@type\":\"BreadcrumbList\",\"@id\":\"https:\\\/\\\/center-for-entrepreneurship.reutlingen-university.de\\\/en\\\/links-landingpage\\\/#breadcrumb\",\"itemListElement\":[{\"@type\":\"ListItem\",\"position\":1,\"name\":\"Startseite\",\"item\":\"https:\\\/\\\/center-for-entrepreneurship.reutlingen-university.de\\\/en\\\/\"},{\"@type\":\"ListItem\",\"position\":2,\"name\":\"Links &#8211; Landingpage\"}]},{\"@type\":\"WebSite\",\"@id\":\"https:\\\/\\\/center-for-entrepreneurship.reutlingen-university.de\\\/en\\\/#website\",\"url\":\"https:\\\/\\\/center-for-entrepreneurship.reutlingen-university.de\\\/en\\\/\",\"name\":\"Center for Entrepreneurship\",\"description\":\"Das Gr\u00fcndungszentrum der Hochschule Reutlingen f\u00fcr Studierende und Gr\u00fcndungsinteressierte.\",\"potentialAction\":[{\"@type\":\"SearchAction\",\"target\":{\"@type\":\"EntryPoint\",\"urlTemplate\":\"https:\\\/\\\/center-for-entrepreneurship.reutlingen-university.de\\\/en\\\/?s={search_term_string}\"},\"query-input\":{\"@type\":\"PropertyValueSpecification\",\"valueRequired\":true,\"valueName\":\"search_term_string\"}}],\"inLanguage\":\"en-US\"}]}<\/script>\n<!-- \/ Yoast SEO Premium plugin. -->","yoast_head_json":{"title":"Links - Landingpage - Center for Entrepreneurship","description":"This is our Instagram Bio Link. Here you can find all important links of the Center for Entrepreneurship Reutlingen.","robots":{"index":"index","follow":"follow","max-snippet":"max-snippet:-1","max-image-preview":"max-image-preview:large","max-video-preview":"max-video-preview:-1"},"canonical":"https:\/\/center-for-entrepreneurship.reutlingen-university.de\/en\/links-landingpage\/","og_locale":"en_US","og_type":"article","og_title":"Links - Landingpage","og_description":"This is our Instagram Bio Link. Here you can find all important links of the Center for Entrepreneurship Reutlingen.","og_url":"https:\/\/center-for-entrepreneurship.reutlingen-university.de\/en\/links-landingpage\/","og_site_name":"Center for Entrepreneurship","article_publisher":"https:\/\/www.facebook.com\/ReutlingenCE\/","article_modified_time":"2021-06-01T15:17:47+00:00","og_image":[{"width":800,"height":500,"url":"https:\/\/center-for-entrepreneurship.reutlingen-university.de\/wp-content\/uploads\/2020\/04\/Open-Graph.jpg","type":"image\/jpeg"}],"twitter_card":"summary_large_image","twitter_site":"@ReutlingenCE","twitter_misc":{"Est. reading time":"9 minutes"},"schema":{"@context":"https:\/\/schema.org","@graph":[{"@type":"WebPage","@id":"https:\/\/center-for-entrepreneurship.reutlingen-university.de\/en\/links-landingpage\/","url":"https:\/\/center-for-entrepreneurship.reutlingen-university.de\/en\/links-landingpage\/","name":"Links - Landingpage - Center for Entrepreneurship","isPartOf":{"@id":"https:\/\/center-for-entrepreneurship.reutlingen-university.de\/en\/#website"},"datePublished":"2021-06-01T15:17:46+00:00","dateModified":"2021-06-01T15:17:47+00:00","description":"This is our Instagram Bio Link. Here you can find all important links of the Center for Entrepreneurship Reutlingen.","breadcrumb":{"@id":"https:\/\/center-for-entrepreneurship.reutlingen-university.de\/en\/links-landingpage\/#breadcrumb"},"inLanguage":"en-US","potentialAction":[{"@type":"ReadAction","target":["https:\/\/center-for-entrepreneurship.reutlingen-university.de\/en\/links-landingpage\/"]}]},{"@type":"BreadcrumbList","@id":"https:\/\/center-for-entrepreneurship.reutlingen-university.de\/en\/links-landingpage\/#breadcrumb","itemListElement":[{"@type":"ListItem","position":1,"name":"Startseite","item":"https:\/\/center-for-entrepreneurship.reutlingen-university.de\/en\/"},{"@type":"ListItem","position":2,"name":"Links &#8211; Landingpage"}]},{"@type":"WebSite","@id":"https:\/\/center-for-entrepreneurship.reutlingen-university.de\/en\/#website","url":"https:\/\/center-for-entrepreneurship.reutlingen-university.de\/en\/","name":"Center for Entrepreneurship","description":"Das Gr\u00fcndungszentrum der Hochschule Reutlingen f\u00fcr Studierende und Gr\u00fcndungsinteressierte.","potentialAction":[{"@type":"SearchAction","target":{"@type":"EntryPoint","urlTemplate":"https:\/\/center-for-entrepreneurship.reutlingen-university.de\/en\/?s={search_term_string}"},"query-input":{"@type":"PropertyValueSpecification","valueRequired":true,"valueName":"search_term_string"}}],"inLanguage":"en-US"}]}},"ticketed":false,"_links":{"self":[{"href":"https:\/\/center-for-entrepreneurship.reutlingen-university.de\/en\/wp-json\/wp\/v2\/pages\/3359","targetHints":{"allow":["GET"]}}],"collection":[{"href":"https:\/\/center-for-entrepreneurship.reutlingen-university.de\/en\/wp-json\/wp\/v2\/pages"}],"about":[{"href":"https:\/\/center-for-entrepreneurship.reutlingen-university.de\/en\/wp-json\/wp\/v2\/types\/page"}],"author":[{"embeddable":true,"href":"https:\/\/center-for-entrepreneurship.reutlingen-university.de\/en\/wp-json\/wp\/v2\/users\/12"}],"replies":[{"embeddable":true,"href":"https:\/\/center-for-entrepreneurship.reutlingen-university.de\/en\/wp-json\/wp\/v2\/comments?post=3359"}],"version-history":[{"count":4,"href":"https:\/\/center-for-entrepreneurship.reutlingen-university.de\/en\/wp-json\/wp\/v2\/pages\/3359\/revisions"}],"predecessor-version":[{"id":3826,"href":"https:\/\/center-for-entrepreneurship.reutlingen-university.de\/en\/wp-json\/wp\/v2\/pages\/3359\/revisions\/3826"}],"wp:attachment":[{"href":"https:\/\/center-for-entrepreneurship.reutlingen-university.de\/en\/wp-json\/wp\/v2\/media?parent=3359"}],"curies":[{"name":"wp","href":"https:\/\/api.w.org\/{rel}","templated":true}]}}