{"id":3331,"date":"2021-05-27T00:06:09","date_gmt":"2021-05-26T22:06:09","guid":{"rendered":"https:\/\/center-for-entrepreneurship.reutlingen-university.de\/latest-news-from-pioniergarten\/"},"modified":"2021-05-27T00:06:10","modified_gmt":"2021-05-26T22:06:10","slug":"latest-news-from-pioniergarten","status":"publish","type":"page","link":"https:\/\/center-for-entrepreneurship.reutlingen-university.de\/en\/latest-news-from-pioniergarten\/","title":{"rendered":"Latest news from &#8220;Pioniergarten&#8221;"},"content":{"rendered":"<div class=\"fusion-fullwidth fullwidth-box fusion-builder-row-1 nonhundred-percent-fullwidth non-hundred-percent-height-scrolling\" style=\"--awb-border-radius-top-left:0px;--awb-border-radius-top-right:0px;--awb-border-radius-bottom-right:0px;--awb-border-radius-bottom-left:0px;--awb-padding-bottom:100px;--awb-flex-wrap:wrap;\" ><div class=\"fusion-builder-row fusion-row\"><div class=\"fusion-layout-column fusion_builder_column fusion-builder-column-0 fusion_builder_column_2_3 2_3 fusion-two-third fusion-column-first\" style=\"--awb-bg-size:cover;width:66.666666666667%;width:calc(66.666666666667% - ( ( 4% ) * 0.66666666666667 ) );margin-right: 4%;\"><div class=\"fusion-column-wrapper fusion-column-has-shadow fusion-flex-column-wrapper-legacy\"><div class=\"fusion-title title fusion-title-1 fusion-title-text fusion-title-size-one\" style=\"--awb-margin-top-small:0px;--awb-margin-right-small:0px;--awb-margin-bottom-small:20px;--awb-margin-left-small:0px;\"><h1 class=\"fusion-title-heading title-heading-left fusion-responsive-typography-calculated\" style=\"margin:0;--fontSize:55;line-height:1;\"><h1><strong>Latest news from &#8220;Pioniergarten&#8221;<\/strong><\/h1><\/h1><span class=\"awb-title-spacer\"><\/span><div class=\"title-sep-container\"><div class=\"title-sep sep- sep-solid\" style=\"border-color:#e0dede;\"><\/div><\/div><\/div><div class=\"fusion-text fusion-text-1\"><p><strong>Re-Start-up Night on 31.03.2021 at 6 P.M.<\/strong><\/p>\n<p><strong>Be part of it \u2013 experience Start-ups on the virtual stage!<\/strong><\/p>\n<p>Start-up stories from Waldstolz and two other Start-ups show you the way to a Start-up, before you start networking with Start-ups from our Region.<\/p>\n<p>You&#8217;re looking for an internship, a job next to your college or just want to exchange experience or gather information?<\/p>\n<p>Then you&#8217;re at the right place with the Re-Start-up!<\/p>\n<p>Networking in a relaxed environment &#8211; get to know new people and who knows, maybe you will be the next speaker on the next Re-Start-up Night stage?<\/p>\n<p>You want to participate as a guest and listen to the stories?<\/p>\n<p>Then sign up right here:<\/p>\n<p><a href=\"http:\/\/bit.ly\/Re-Start-Gast\">http:\/\/bit.ly\/Re-Start-Gast<\/a><\/p>\n<\/div><div class=\"fusion-text fusion-text-2\"><p><strong>Workshop for Industry 4.0 awareness on 15.04.2021 at 5 P.M.<\/strong><\/p>\n<p>Smart Factories, Augmented Reality, Big Analytics or the Internet of Things will be a significant part of production environments in the future.<\/p>\n<p>That leads to some challenges, not only for established businesses and industries, but also for start-ups that want to enter these sectors to enable the future of production. At the same time, there is enormous potential for these sectors: start-ups in Industry 4.0 gain increasingly more attention from investors. Additionally, the solutions often have huge influence on the production processes and cost structure of businesses.<\/p>\n<p>Start-Ups that refer to Industry 4.0 are therefore very special. The Center for Entrepreneurship also wants to offer an overview about these topics. That is why the event &#8220;Get Started: Entrepreneurship &amp; Industrie 4.0&#8221; will take place on the 15.04 at 5 P.M. for the first time ever.<\/p>\n<p>Sign up for the event:<\/p>\n<p><a href=\"http:\/\/bit.ly\/getstarted-I4\">http:\/\/bit.ly\/getstarted-I4<\/a><\/p>\n<\/div><div class=\"fusion-clearfix\"><\/div><\/div><\/div><div class=\"fusion-layout-column fusion_builder_column fusion-builder-column-1 fusion_builder_column_1_3 1_3 fusion-one-third fusion-column-last\" style=\"--awb-bg-size:cover;width:33.333333333333%;width:calc(33.333333333333% - ( ( 4% ) * 0.33333333333333 ) );\"><div class=\"fusion-column-wrapper fusion-column-has-shadow fusion-flex-column-wrapper-legacy\"><div class=\"fusion-image-element in-legacy-container\" style=\"--awb-caption-title-font-family:var(--h2_typography-font-family);--awb-caption-title-font-weight:var(--h2_typography-font-weight);--awb-caption-title-font-style:var(--h2_typography-font-style);--awb-caption-title-size:var(--h2_typography-font-size);--awb-caption-title-transform:var(--h2_typography-text-transform);--awb-caption-title-line-height:var(--h2_typography-line-height);--awb-caption-title-letter-spacing:var(--h2_typography-letter-spacing);\"><span class=\" fusion-imageframe imageframe-none imageframe-1 hover-type-none\"><img decoding=\"async\" width=\"300\" height=\"300\" title=\"HRE_Pioniergarten_Icon_HRE_Pioniergarten_Icon_Event\" src=\"https:\/\/center-for-entrepreneurship.reutlingen-university.de\/wp-content\/uploads\/2021\/03\/HRE_Pioniergarten_Icon_HRE_Pioniergarten_Icon_Event-300x300.png\" alt class=\"img-responsive wp-image-3134\" srcset=\"https:\/\/center-for-entrepreneurship.reutlingen-university.de\/wp-content\/uploads\/2021\/03\/HRE_Pioniergarten_Icon_HRE_Pioniergarten_Icon_Event-200x200.png 200w, https:\/\/center-for-entrepreneurship.reutlingen-university.de\/wp-content\/uploads\/2021\/03\/HRE_Pioniergarten_Icon_HRE_Pioniergarten_Icon_Event-400x400.png 400w, https:\/\/center-for-entrepreneurship.reutlingen-university.de\/wp-content\/uploads\/2021\/03\/HRE_Pioniergarten_Icon_HRE_Pioniergarten_Icon_Event-600x600.png 600w, https:\/\/center-for-entrepreneurship.reutlingen-university.de\/wp-content\/uploads\/2021\/03\/HRE_Pioniergarten_Icon_HRE_Pioniergarten_Icon_Event-800x800.png 800w, https:\/\/center-for-entrepreneurship.reutlingen-university.de\/wp-content\/uploads\/2021\/03\/HRE_Pioniergarten_Icon_HRE_Pioniergarten_Icon_Event.png 835w\" sizes=\"(max-width: 800px) 100vw, 600px\" \/><\/span><\/div><div class=\"fusion-clearfix\"><\/div><\/div><\/div><\/div><\/div>\n","protected":false},"excerpt":{"rendered":"","protected":false},"author":12,"featured_media":0,"parent":0,"menu_order":0,"comment_status":"closed","ping_status":"closed","template":"","meta":{"_price":"","_stock":"","_tribe_ticket_header":"","_tribe_default_ticket_provider":"","_tribe_ticket_capacity":"0","_ticket_start_date":"","_ticket_end_date":"","_tribe_ticket_show_description":"","_tribe_ticket_show_not_going":false,"_tribe_ticket_use_global_stock":"","_tribe_ticket_global_stock_level":"","_global_stock_mode":"","_global_stock_cap":"","_tribe_rsvp_for_event":"","_tribe_ticket_going_count":"","_tribe_ticket_not_going_count":"","_tribe_tickets_list":"[]","_tribe_ticket_has_attendee_info_fields":false,"footnotes":"","_tec_slr_enabled":"","_tec_slr_layout":""},"class_list":["post-3331","page","type-page","status-publish","hentry"],"yoast_head":"<!-- This site is optimized with the Yoast SEO Premium plugin v27.3 (Yoast SEO v27.4) - https:\/\/yoast.com\/product\/yoast-seo-premium-wordpress\/ -->\n<title>Latest news from &quot;Pioniergarten&quot; - Center for Entrepreneurship<\/title>\n<meta name=\"robots\" content=\"index, follow, max-snippet:-1, max-image-preview:large, max-video-preview:-1\" \/>\n<link rel=\"canonical\" href=\"https:\/\/center-for-entrepreneurship.reutlingen-university.de\/en\/latest-news-from-pioniergarten\/\" \/>\n<meta property=\"og:locale\" content=\"en_US\" \/>\n<meta property=\"og:type\" content=\"article\" \/>\n<meta property=\"og:title\" content=\"Latest news from &quot;Pioniergarten&quot;\" \/>\n<meta property=\"og:url\" content=\"https:\/\/center-for-entrepreneurship.reutlingen-university.de\/en\/latest-news-from-pioniergarten\/\" \/>\n<meta property=\"og:site_name\" content=\"Center for Entrepreneurship\" \/>\n<meta property=\"article:publisher\" content=\"https:\/\/www.facebook.com\/ReutlingenCE\/\" \/>\n<meta property=\"article:modified_time\" content=\"2021-05-26T22:06:10+00:00\" \/>\n<meta property=\"og:image\" content=\"https:\/\/center-for-entrepreneurship.reutlingen-university.de\/wp-content\/uploads\/2020\/04\/Open-Graph.jpg\" \/>\n\t<meta property=\"og:image:width\" content=\"800\" \/>\n\t<meta property=\"og:image:height\" content=\"500\" \/>\n\t<meta property=\"og:image:type\" content=\"image\/jpeg\" \/>\n<meta name=\"twitter:card\" content=\"summary_large_image\" \/>\n<meta name=\"twitter:site\" content=\"@ReutlingenCE\" \/>\n<meta name=\"twitter:label1\" content=\"Est. reading time\" \/>\n\t<meta name=\"twitter:data1\" content=\"5 minutes\" \/>\n<script type=\"application\/ld+json\" class=\"yoast-schema-graph\">{\"@context\":\"https:\\\/\\\/schema.org\",\"@graph\":[{\"@type\":\"WebPage\",\"@id\":\"https:\\\/\\\/center-for-entrepreneurship.reutlingen-university.de\\\/en\\\/latest-news-from-pioniergarten\\\/\",\"url\":\"https:\\\/\\\/center-for-entrepreneurship.reutlingen-university.de\\\/en\\\/latest-news-from-pioniergarten\\\/\",\"name\":\"Latest news from \\\"Pioniergarten\\\" - Center for Entrepreneurship\",\"isPartOf\":{\"@id\":\"https:\\\/\\\/center-for-entrepreneurship.reutlingen-university.de\\\/en\\\/#website\"},\"datePublished\":\"2021-05-26T22:06:09+00:00\",\"dateModified\":\"2021-05-26T22:06:10+00:00\",\"breadcrumb\":{\"@id\":\"https:\\\/\\\/center-for-entrepreneurship.reutlingen-university.de\\\/en\\\/latest-news-from-pioniergarten\\\/#breadcrumb\"},\"inLanguage\":\"en-US\",\"potentialAction\":[{\"@type\":\"ReadAction\",\"target\":[\"https:\\\/\\\/center-for-entrepreneurship.reutlingen-university.de\\\/en\\\/latest-news-from-pioniergarten\\\/\"]}]},{\"@type\":\"BreadcrumbList\",\"@id\":\"https:\\\/\\\/center-for-entrepreneurship.reutlingen-university.de\\\/en\\\/latest-news-from-pioniergarten\\\/#breadcrumb\",\"itemListElement\":[{\"@type\":\"ListItem\",\"position\":1,\"name\":\"Startseite\",\"item\":\"https:\\\/\\\/center-for-entrepreneurship.reutlingen-university.de\\\/en\\\/\"},{\"@type\":\"ListItem\",\"position\":2,\"name\":\"Latest news from &#8222;Pioniergarten&#8220;\"}]},{\"@type\":\"WebSite\",\"@id\":\"https:\\\/\\\/center-for-entrepreneurship.reutlingen-university.de\\\/en\\\/#website\",\"url\":\"https:\\\/\\\/center-for-entrepreneurship.reutlingen-university.de\\\/en\\\/\",\"name\":\"Center for Entrepreneurship\",\"description\":\"Das Gr\u00fcndungszentrum der Hochschule Reutlingen f\u00fcr Studierende und Gr\u00fcndungsinteressierte.\",\"potentialAction\":[{\"@type\":\"SearchAction\",\"target\":{\"@type\":\"EntryPoint\",\"urlTemplate\":\"https:\\\/\\\/center-for-entrepreneurship.reutlingen-university.de\\\/en\\\/?s={search_term_string}\"},\"query-input\":{\"@type\":\"PropertyValueSpecification\",\"valueRequired\":true,\"valueName\":\"search_term_string\"}}],\"inLanguage\":\"en-US\"}]}<\/script>\n<!-- \/ Yoast SEO Premium plugin. -->","yoast_head_json":{"title":"Latest news from \"Pioniergarten\" - Center for Entrepreneurship","robots":{"index":"index","follow":"follow","max-snippet":"max-snippet:-1","max-image-preview":"max-image-preview:large","max-video-preview":"max-video-preview:-1"},"canonical":"https:\/\/center-for-entrepreneurship.reutlingen-university.de\/en\/latest-news-from-pioniergarten\/","og_locale":"en_US","og_type":"article","og_title":"Latest news from \"Pioniergarten\"","og_url":"https:\/\/center-for-entrepreneurship.reutlingen-university.de\/en\/latest-news-from-pioniergarten\/","og_site_name":"Center for Entrepreneurship","article_publisher":"https:\/\/www.facebook.com\/ReutlingenCE\/","article_modified_time":"2021-05-26T22:06:10+00:00","og_image":[{"width":800,"height":500,"url":"https:\/\/center-for-entrepreneurship.reutlingen-university.de\/wp-content\/uploads\/2020\/04\/Open-Graph.jpg","type":"image\/jpeg"}],"twitter_card":"summary_large_image","twitter_site":"@ReutlingenCE","twitter_misc":{"Est. reading time":"5 minutes"},"schema":{"@context":"https:\/\/schema.org","@graph":[{"@type":"WebPage","@id":"https:\/\/center-for-entrepreneurship.reutlingen-university.de\/en\/latest-news-from-pioniergarten\/","url":"https:\/\/center-for-entrepreneurship.reutlingen-university.de\/en\/latest-news-from-pioniergarten\/","name":"Latest news from \"Pioniergarten\" - Center for Entrepreneurship","isPartOf":{"@id":"https:\/\/center-for-entrepreneurship.reutlingen-university.de\/en\/#website"},"datePublished":"2021-05-26T22:06:09+00:00","dateModified":"2021-05-26T22:06:10+00:00","breadcrumb":{"@id":"https:\/\/center-for-entrepreneurship.reutlingen-university.de\/en\/latest-news-from-pioniergarten\/#breadcrumb"},"inLanguage":"en-US","potentialAction":[{"@type":"ReadAction","target":["https:\/\/center-for-entrepreneurship.reutlingen-university.de\/en\/latest-news-from-pioniergarten\/"]}]},{"@type":"BreadcrumbList","@id":"https:\/\/center-for-entrepreneurship.reutlingen-university.de\/en\/latest-news-from-pioniergarten\/#breadcrumb","itemListElement":[{"@type":"ListItem","position":1,"name":"Startseite","item":"https:\/\/center-for-entrepreneurship.reutlingen-university.de\/en\/"},{"@type":"ListItem","position":2,"name":"Latest news from &#8222;Pioniergarten&#8220;"}]},{"@type":"WebSite","@id":"https:\/\/center-for-entrepreneurship.reutlingen-university.de\/en\/#website","url":"https:\/\/center-for-entrepreneurship.reutlingen-university.de\/en\/","name":"Center for Entrepreneurship","description":"Das Gr\u00fcndungszentrum der Hochschule Reutlingen f\u00fcr Studierende und Gr\u00fcndungsinteressierte.","potentialAction":[{"@type":"SearchAction","target":{"@type":"EntryPoint","urlTemplate":"https:\/\/center-for-entrepreneurship.reutlingen-university.de\/en\/?s={search_term_string}"},"query-input":{"@type":"PropertyValueSpecification","valueRequired":true,"valueName":"search_term_string"}}],"inLanguage":"en-US"}]}},"ticketed":false,"_links":{"self":[{"href":"https:\/\/center-for-entrepreneurship.reutlingen-university.de\/en\/wp-json\/wp\/v2\/pages\/3331","targetHints":{"allow":["GET"]}}],"collection":[{"href":"https:\/\/center-for-entrepreneurship.reutlingen-university.de\/en\/wp-json\/wp\/v2\/pages"}],"about":[{"href":"https:\/\/center-for-entrepreneurship.reutlingen-university.de\/en\/wp-json\/wp\/v2\/types\/page"}],"author":[{"embeddable":true,"href":"https:\/\/center-for-entrepreneurship.reutlingen-university.de\/en\/wp-json\/wp\/v2\/users\/12"}],"replies":[{"embeddable":true,"href":"https:\/\/center-for-entrepreneurship.reutlingen-university.de\/en\/wp-json\/wp\/v2\/comments?post=3331"}],"version-history":[{"count":11,"href":"https:\/\/center-for-entrepreneurship.reutlingen-university.de\/en\/wp-json\/wp\/v2\/pages\/3331\/revisions"}],"predecessor-version":[{"id":3342,"href":"https:\/\/center-for-entrepreneurship.reutlingen-university.de\/en\/wp-json\/wp\/v2\/pages\/3331\/revisions\/3342"}],"wp:attachment":[{"href":"https:\/\/center-for-entrepreneurship.reutlingen-university.de\/en\/wp-json\/wp\/v2\/media?parent=3331"}],"curies":[{"name":"wp","href":"https:\/\/api.w.org\/{rel}","templated":true}]}}